{"id":7953,"date":"2025-04-24T09:48:50","date_gmt":"2025-04-24T09:48:50","guid":{"rendered":"https:\/\/www.t3otomasyon.com\/ycs\/?page_id=7953"},"modified":"2025-04-24T09:49:45","modified_gmt":"2025-04-24T09:49:45","slug":"kariyer-insan-kaynaklari","status":"publish","type":"page","link":"https:\/\/www.t3endustriyel.com\/en\/kariyer-insan-kaynaklari\/","title":{"rendered":"Kariyer \/ \u0130nsan Kaynaklar\u0131"},"content":{"rendered":"<div data-elementor-type=\"wp-page\" data-elementor-id=\"7953\" class=\"elementor elementor-7953\">\n\t\t\t\t<div class=\"elementor-element elementor-element-b5a9c3d e-flex e-con-boxed e-con e-parent\" data-id=\"b5a9c3d\" data-element_type=\"container\" data-e-type=\"container\">\n\t\t\t\t\t<div class=\"e-con-inner\">\n\t\t\t\t<div class=\"elementor-element elementor-element-59997ef elementor-widget elementor-widget-text-editor\" data-id=\"59997ef\" data-element_type=\"widget\" data-e-type=\"widget\" data-widget_type=\"text-editor.default\">\n\t\t\t\t<div class=\"elementor-widget-container\">\n\t\t\t\t\t\t\t\t\t<div class=\"wpb_text_column wpb_content_element\"><div class=\"wpb_wrapper\"><p>Staj ve Genel Ba\u015fvuru yap\u0131lacak alanlar yandaki formda belirtilmi\u015ftir. Ba\u015fvurmak istedi\u011finiz a\u00e7\u0131k pozisyonlara g\u00f6re ba\u015fvurunuzu tamamlay\u0131p \u0130.K. departman\u0131m\u0131za iletiniz. Uygunlu\u011funuz de\u011ferlendirilip taraf\u0131n\u0131za en k\u0131sa s\u00fcrede d\u00f6n\u00fc\u015f sa\u011flanacakt\u0131r.<\/p><\/div><\/div><div id=\"wpcf7-f1941-p1940-o1\" class=\"wpcf7\" dir=\"ltr\" lang=\"tr-TR\" role=\"form\">\u00a0<\/div>\t\t\t\t\t\t\t\t<\/div>\n\t\t\t\t<\/div>\n\t\t\t\t\t<\/div>\n\t\t\t\t<\/div>\n\t\t<div class=\"elementor-element elementor-element-e7a925e e-flex e-con-boxed e-con e-parent\" data-id=\"e7a925e\" data-element_type=\"container\" data-e-type=\"container\">\n\t\t\t\t\t<div class=\"e-con-inner\">\n\t\t\t\t<div class=\"elementor-element elementor-element-7a6f95a elementor-widget elementor-widget-ld_cf722\" data-id=\"7a6f95a\" data-element_type=\"widget\" data-e-type=\"widget\" data-widget_type=\"ld_cf722.default\">\n\t\t\t\t<div class=\"elementor-widget-container\">\n\t\t\t\t\t\n\t<div class=\"lqd-contact-form\">\n\t\t\n<div class=\"wpcf7 no-js\" id=\"wpcf7-f7958-o1\" lang=\"tr-TR\" dir=\"ltr\" data-wpcf7-id=\"7958\">\n<div class=\"screen-reader-response\"><p role=\"status\" aria-live=\"polite\" aria-atomic=\"true\"><\/p> <ul><\/ul><\/div>\n<form action=\"\/en\/wp-json\/wp\/v2\/pages\/7953#wpcf7-f7958-o1\" method=\"post\" class=\"wpcf7-form init\" aria-label=\"\u0130leti\u015fim Formu\" novalidate=\"novalidate\" data-status=\"init\" data-trp-original-action=\"\/en\/wp-json\/wp\/v2\/pages\/7953#wpcf7-f7958-o1\">\n<div style=\"display: none;\">\n<input type=\"hidden\" name=\"_wpcf7\" value=\"7958\" \/>\n<input type=\"hidden\" name=\"_wpcf7_version\" value=\"6.0\" \/>\n<input type=\"hidden\" name=\"_wpcf7_locale\" value=\"tr_TR\" \/>\n<input type=\"hidden\" name=\"_wpcf7_unit_tag\" value=\"wpcf7-f7958-o1\" \/>\n<input type=\"hidden\" name=\"_wpcf7_container_post\" value=\"0\" \/>\n<input type=\"hidden\" name=\"_wpcf7_posted_data_hash\" value=\"\" \/>\n<\/div>\n<p><label> Ad\u0131n\u0131z&Soyad\u0131n\u0131z<br \/>\n<span class=\"wpcf7-form-control-wrap\" data-name=\"your-name\"><input size=\"40\" maxlength=\"400\" class=\"wpcf7-form-control wpcf7-text wpcf7-validates-as-required\" autocomplete=\"name\" aria-required=\"true\" aria-invalid=\"false\" value=\"\" type=\"text\" name=\"your-name\" \/><\/span> <\/label>\n<\/p>\n<p><label> E-posta Adresiniz<br \/>\n<span class=\"wpcf7-form-control-wrap\" data-name=\"your-email\"><input size=\"40\" maxlength=\"400\" class=\"wpcf7-form-control wpcf7-email wpcf7-validates-as-required wpcf7-text wpcf7-validates-as-email\" autocomplete=\"email\" aria-required=\"true\" aria-invalid=\"false\" value=\"\" type=\"email\" name=\"your-email\" \/><\/span> <\/label>\n<\/p>\n<p><label> Telefon Numaran\u0131z<br \/>\n<span class=\"wpcf7-form-control-wrap\" data-name=\"telefon\"><input size=\"40\" maxlength=\"400\" class=\"wpcf7-form-control wpcf7-tel wpcf7-validates-as-required wpcf7-text wpcf7-validates-as-tel\" aria-required=\"true\" aria-invalid=\"false\" value=\"\" type=\"tel\" name=\"telefon\" \/><\/span> <\/label>\n<\/p>\n<p><label> Do\u011fum Tarihiniz *<br \/>\n<span class=\"wpcf7-form-control-wrap\" data-name=\"dogum-tarihiniz\"><input class=\"wpcf7-form-control wpcf7-date wpcf7-validates-as-required wpcf7-validates-as-date\" aria-required=\"true\" aria-invalid=\"false\" value=\"\" type=\"date\" name=\"dogum-tarihiniz\" \/><\/span><\/label>\n<\/p>\n<p><label> Cinsiyetiniz *<br \/>\n<span class=\"wpcf7-form-control-wrap\" data-name=\"cinsiyetiniz\"><select class=\"wpcf7-form-control wpcf7-select wpcf7-validates-as-required\" aria-required=\"true\" aria-invalid=\"false\" name=\"cinsiyetiniz\"><option value=\"Erkek\">Erkek<\/option><option value=\"Kad\u0131n\">Kad\u0131n<\/option><\/select><\/span> <\/label>\n<\/p>\n<p><label> Medeni Durumunuz *<br \/>\n<span class=\"wpcf7-form-control-wrap\" data-name=\"medeni-hal\"><select class=\"wpcf7-form-control wpcf7-select wpcf7-validates-as-required\" aria-required=\"true\" aria-invalid=\"false\" name=\"medeni-hal\"><option value=\"Evli\">Evli<\/option><option value=\"Bekar\">Bekar<\/option><\/select><\/span> <\/label>\n<\/p>\n<p><label> Ba\u015fvurmak \u0130stedi\u011finiz Pozisyon *<br \/>\n<span class=\"wpcf7-form-control-wrap\" data-name=\"pozisyon\"><select class=\"wpcf7-form-control wpcf7-select wpcf7-validates-as-required\" aria-required=\"true\" aria-invalid=\"false\" name=\"pozisyon\"><option value=\"Makine M\u00fchendisi\">Makine M\u00fchendisi<\/option><option value=\"Mekatronik M\u00fchendisi\">Mekatronik M\u00fchendisi<\/option><option value=\"Elektrik-Elektronik M\u00fchendisi\">Elektrik-Elektronik M\u00fchendisi<\/option><option value=\"Yaz\u0131l\u0131m M\u00fchendisi\">Yaz\u0131l\u0131m M\u00fchendisi<\/option><option value=\"Staj\">Staj<\/option><\/select><\/span> <\/label>\n<\/p>\n<p><label> \u0130letmek istedikleriniz<br \/>\n<span class=\"wpcf7-form-control-wrap\" data-name=\"your-message\"><textarea cols=\"40\" rows=\"10\" maxlength=\"2000\" class=\"wpcf7-form-control wpcf7-textarea\" aria-invalid=\"false\" name=\"your-message\"><\/textarea><\/span> <\/label>\n<\/p>\n<p><input class=\"wpcf7-form-control wpcf7-submit has-spinner\" type=\"submit\" value=\"G\u00f6nder\" \/>\n<\/p><div class=\"wpcf7-response-output\" aria-hidden=\"true\"><\/div>\n<input type=\"hidden\" name=\"trp-form-language\" value=\"en\"\/><\/form>\n<\/div>\n\t<\/div>\n\n\t\t\t\t\t<\/div>\n\t\t\t\t<\/div>\n\t\t\t\t\t<\/div>\n\t\t\t\t<\/div>\n\t\t\t\t<\/div>","protected":false},"excerpt":{"rendered":"<p>Staj ve Genel Ba\u015fvuru yap\u0131lacak alanlar yandaki formda belirtilmi\u015ftir. Ba\u015fvurmak istedi\u011finiz a\u00e7\u0131k pozisyonlara g\u00f6re ba\u015fvurunuzu tamamlay\u0131p \u0130.K. departman\u0131m\u0131za iletiniz. Uygunlu\u011funuz de\u011ferlendirilip taraf\u0131n\u0131za en k\u0131sa s\u00fcrede d\u00f6n\u00fc\u015f sa\u011flanacakt\u0131r. \u00a0 Your name Your email Subject Your message (optional)<\/p>","protected":false},"author":1,"featured_media":0,"parent":0,"menu_order":0,"comment_status":"closed","ping_status":"closed","template":"","meta":{"footnotes":""},"class_list":["post-7953","page","type-page","status-publish","hentry"],"_links":{"self":[{"href":"https:\/\/www.t3endustriyel.com\/en\/wp-json\/wp\/v2\/pages\/7953"}],"collection":[{"href":"https:\/\/www.t3endustriyel.com\/en\/wp-json\/wp\/v2\/pages"}],"about":[{"href":"https:\/\/www.t3endustriyel.com\/en\/wp-json\/wp\/v2\/types\/page"}],"author":[{"embeddable":true,"href":"https:\/\/www.t3endustriyel.com\/en\/wp-json\/wp\/v2\/users\/1"}],"replies":[{"embeddable":true,"href":"https:\/\/www.t3endustriyel.com\/en\/wp-json\/wp\/v2\/comments?post=7953"}],"version-history":[{"count":4,"href":"https:\/\/www.t3endustriyel.com\/en\/wp-json\/wp\/v2\/pages\/7953\/revisions"}],"predecessor-version":[{"id":7957,"href":"https:\/\/www.t3endustriyel.com\/en\/wp-json\/wp\/v2\/pages\/7953\/revisions\/7957"}],"wp:attachment":[{"href":"https:\/\/www.t3endustriyel.com\/en\/wp-json\/wp\/v2\/media?parent=7953"}],"curies":[{"name":"wp","href":"https:\/\/api.w.org\/{rel}","templated":true}]}}